{"id":13243,"date":"2018-03-05T15:35:31","date_gmt":"2018-03-05T15:35:31","guid":{"rendered":"https:\/\/steelartisan.ro\/product\/mediavel-armor\/"},"modified":"2019-03-05T14:27:13","modified_gmt":"2019-03-05T14:27:13","slug":"mediavel-armor","status":"publish","type":"product","link":"https:\/\/steelartisan.ro\/en\/product\/mediavel-armor\/","title":{"rendered":"Mediavel Armor"},"content":{"rendered":"<p style=\"margin-bottom:0;\"><strong>M\u0103nu\u0219i medievale<\/strong> f\u0103cute dup\u0103 m\u0103sur\u0103torile originale purtate de<span style=\"color: #7acbc6;\">solda\u021bii medievali<\/span><br \/>\nGrosimea firului este de 2 mm. Diametrul interior (ID) al inelului este de 8 mm.<\/p>\n<p style=\"margin-bottom:0;\">Datorit\u0103 originalit\u0103\u021bii sale, este perfect\u0103 pentru turneu de cavaler, teatru, decorare \u00een locuri de divertisment<br \/>\ncare au concepte medieval, de asemenea pentru colec\u021bionari care apreciaz\u0103 munca de calitate manual\u0103.<\/p>\n<div class=\"product-details\"><span class=\"details-wrap\"><br \/>\nNum\u0103r produs:\u00a0<span class=\"details-tag\">ART102B<\/span><br \/>\n<\/span><\/div>","protected":false},"excerpt":{"rendered":"<p style=\"margin-bottom: 0;\"><strong>M\u0103nu\u0219i medievale<\/strong> f\u0103cute dup\u0103 m\u0103sur\u0103torile originale purtate de<span style=\"color: #7acbc6;\">solda\u021bii medievali.<\/span><\/p>\n<div class=\"product-details\"><span class=\"details-wrap\"><br \/>\nM\u0103rimea: <span class=\"details-tag\">XL<\/span><br \/>\nMaterial: <span class=\"details-tag\">o\u021bel inoxidabil<\/span><br \/>\n<\/span><\/div>","protected":false},"featured_media":16085,"comment_status":"open","ping_status":"closed","template":"","meta":[],"product_brand":[],"product_cat":[15],"product_tag":[250,240,242,252],"class_list":{"0":"post-13243","1":"product","2":"type-product","3":"status-publish","4":"has-post-thumbnail","6":"product_cat-uncategorized","7":"product_tag-arta-medievala","8":"product_tag-handmade","9":"product_tag-produs-nou","10":"product_tag-produse-istorice","12":"first","13":"instock","14":"taxable","15":"shipping-taxable","16":"purchasable","17":"product-type-simple"},"_links":{"self":[{"href":"https:\/\/steelartisan.ro\/en\/wp-json\/wp\/v2\/product\/13243","targetHints":{"allow":["GET"]}}],"collection":[{"href":"https:\/\/steelartisan.ro\/en\/wp-json\/wp\/v2\/product"}],"about":[{"href":"https:\/\/steelartisan.ro\/en\/wp-json\/wp\/v2\/types\/product"}],"replies":[{"embeddable":true,"href":"https:\/\/steelartisan.ro\/en\/wp-json\/wp\/v2\/comments?post=13243"}],"wp:featuredmedia":[{"embeddable":true,"href":"https:\/\/steelartisan.ro\/en\/wp-json\/wp\/v2\/media\/16085"}],"wp:attachment":[{"href":"https:\/\/steelartisan.ro\/en\/wp-json\/wp\/v2\/media?parent=13243"}],"wp:term":[{"taxonomy":"product_brand","embeddable":true,"href":"https:\/\/steelartisan.ro\/en\/wp-json\/wp\/v2\/product_brand?post=13243"},{"taxonomy":"product_cat","embeddable":true,"href":"https:\/\/steelartisan.ro\/en\/wp-json\/wp\/v2\/product_cat?post=13243"},{"taxonomy":"product_tag","embeddable":true,"href":"https:\/\/steelartisan.ro\/en\/wp-json\/wp\/v2\/product_tag?post=13243"}],"curies":[{"name":"wp","href":"https:\/\/api.w.org\/{rel}","templated":true}]}}